{"id":2,"date":"2023-08-28T18:23:42","date_gmt":"2023-08-28T16:23:42","guid":{"rendered":"http:\/\/claracarpinteria.com\/?page_id=2"},"modified":"2024-01-11T17:38:21","modified_gmt":"2024-01-11T16:38:21","slug":"pagina-ejemplo","status":"publish","type":"page","link":"https:\/\/claracarpinteria.com\/index.php\/pagina-ejemplo\/","title":{"rendered":"Inicio"},"content":{"rendered":"\n<p>Somos una carpinter\u00eda artesanal, amantes de la madera reciclada y los productos personalizados. Dise\u00f1amos y fabricamos mobiliario, piezas infantiles y moda con madera. <\/p>\n\n\n\n<blockquote class=\"wp-block-quote\">\n<p> Nos centramos en la necesidad del cliente y por ello nuestros productos pueden dise\u00f1arse a medida.<\/p>\n<\/blockquote>\n\n\n\n<p>Soy Clara Tejedo, fundadora de Clara Carpinter\u00eda. Desde peque\u00f1a me he criado en un ambiente creativo y por esta influencia mis estudios universitarios fueron dirigidos hacia lo creativo. <\/p>\n\n\n\n<p>Estudi\u00e9 Dise\u00f1o de Producto en la Escuela de Artes y Superior de Dise\u00f1o de Castell\u00f3n y posteriormente me especialic\u00e9 en la madera, estudiando Carpinter\u00eda, tambi\u00e9n en Castell\u00f3n. Curs\u00e9 las pr\u00e1cticas de carpinter\u00eda en M\u00fanich, Alemania y fue una experiencia inolvidable. Cuando este periodo termin\u00f3 volv\u00ed a Burriana, de donde soy, y me mont\u00e9 un taller para dedicarme a la carpinter\u00eda, dise\u00f1ando, restaurando y fabricando mobiliario y objetos de madera.<\/p>\n\n\n\n<blockquote class=\"wp-block-quote\">\n<p><\/p>\n<\/blockquote>\n\n\n\n<p>Como nuevo usuario de WordPress, deber\u00edas ir a <a href=\"http:\/\/claracarpinteria.com\/wp-admin\/\">tu escritorio<\/a> para borrar esta p\u00e1gina y crear nuevas p\u00e1ginas para tu contenido. \u00a1P\u00e1salo bien!<\/p>\n","protected":false},"excerpt":{"rendered":"<p>Somos una carpinter\u00eda artesanal, amantes de la madera reciclada y los productos personalizados. Dise\u00f1amos y fabricamos mobiliario, piezas infantiles y moda con madera. Nos centramos en la necesidad del cliente y por ello nuestros productos pueden dise\u00f1arse a medida. Soy Clara Tejedo, fundadora de Clara Carpinter\u00eda. Desde peque\u00f1a me he criado en un ambiente creativo [&hellip;]<\/p>\n","protected":false},"author":1,"featured_media":0,"parent":0,"menu_order":0,"comment_status":"closed","ping_status":"open","template":"","meta":{"om_disable_all_campaigns":false,"_monsterinsights_skip_tracking":false,"_monsterinsights_sitenote_active":false,"_monsterinsights_sitenote_note":"","_monsterinsights_sitenote_category":0,"footnotes":""},"aioseo_notices":[],"_links":{"self":[{"href":"https:\/\/claracarpinteria.com\/index.php\/wp-json\/wp\/v2\/pages\/2"}],"collection":[{"href":"https:\/\/claracarpinteria.com\/index.php\/wp-json\/wp\/v2\/pages"}],"about":[{"href":"https:\/\/claracarpinteria.com\/index.php\/wp-json\/wp\/v2\/types\/page"}],"author":[{"embeddable":true,"href":"https:\/\/claracarpinteria.com\/index.php\/wp-json\/wp\/v2\/users\/1"}],"replies":[{"embeddable":true,"href":"https:\/\/claracarpinteria.com\/index.php\/wp-json\/wp\/v2\/comments?post=2"}],"version-history":[{"count":2,"href":"https:\/\/claracarpinteria.com\/index.php\/wp-json\/wp\/v2\/pages\/2\/revisions"}],"predecessor-version":[{"id":212,"href":"https:\/\/claracarpinteria.com\/index.php\/wp-json\/wp\/v2\/pages\/2\/revisions\/212"}],"wp:attachment":[{"href":"https:\/\/claracarpinteria.com\/index.php\/wp-json\/wp\/v2\/media?parent=2"}],"curies":[{"name":"wp","href":"https:\/\/api.w.org\/{rel}","templated":true}]}}